{"id":993,"date":"2025-09-12T15:57:17","date_gmt":"2025-09-12T15:57:17","guid":{"rendered":"https:\/\/woss911.com\/?post_type=product&#038;p=993"},"modified":"2025-09-12T16:20:52","modified_gmt":"2025-09-12T16:20:52","slug":"woss-auto-id-kit","status":"publish","type":"product","link":"https:\/\/woss911.com\/en\/product\/woss-auto-id-kit\/","title":{"rendered":"WOSS AUTO-ID KIT"},"content":{"rendered":"<p data-start=\"230\" data-end=\"513\">El <strong data-start=\"233\" data-end=\"253\">Kit WOSS AUTO-ID<\/strong> no es solo un producto, es la clave para vivir con <strong data-start=\"305\" data-end=\"351\">tranquilidad, confianza y protecci\u00f3n total<\/strong> en cada trayecto. Tu seguridad, la de tu familia y la de tu veh\u00edculo es lo m\u00e1s valioso, y por eso hemos creado una soluci\u00f3n que va m\u00e1s all\u00e1 de lo convencional.<\/p>\n<p data-start=\"515\" data-end=\"851\">Este kit exclusivo incluye un dispositivo \u00fanico de <strong data-start=\"566\" data-end=\"617\">identificaci\u00f3n con tecnolog\u00eda ultravioleta (UV)<\/strong>, dise\u00f1ado para proteger lo que m\u00e1s importa: tu patrimonio y tu tranquilidad. Gracias a esta innovaci\u00f3n, tu veh\u00edculo contar\u00e1 con una identidad \u00fanica, imposible de replicar, lo que se traduce en un nivel de seguridad sin precedentes.<\/p>\n<p data-start=\"853\" data-end=\"1255\">Al activar tu Kit WOSS AUTO-ID, accedes a un ecosistema completo de <strong data-start=\"921\" data-end=\"956\">seguridad vehicular inteligente<\/strong>, que te permitir\u00e1:<br data-start=\"975\" data-end=\"978\" \/>\u2705 Prevenir fraudes y clonaciones con una identidad \u00fanica y certificada.<br data-start=\"1049\" data-end=\"1052\" \/>\u2705 Proteger tu veh\u00edculo con un sistema de alta tecnolog\u00eda respaldado por WOSS.<br data-start=\"1129\" data-end=\"1132\" \/>\u2705 Validar y asegurar documentos de forma confiable.<br data-start=\"1183\" data-end=\"1186\" \/>\u2705 Contar con un aliado estrat\u00e9gico que te acompa\u00f1a en cada momento.<\/p>\n<p data-start=\"1257\" data-end=\"1460\">No se trata solo de proteger un veh\u00edculo, se trata de <strong data-start=\"1311\" data-end=\"1377\">proteger tu tranquilidad, tu inversi\u00f3n y a quienes m\u00e1s quieres<\/strong>. Con cada kil\u00f3metro recorrido, sentir\u00e1s la diferencia de tener a WOSS a tu lado.<\/p>\n<p data-start=\"1462\" data-end=\"1664\">Tu seguridad no es un lujo, es una <strong data-start=\"1497\" data-end=\"1516\">necesidad vital<\/strong>. Y con el Kit WOSS AUTO-ID, obtienes una herramienta poderosa y f\u00e1cil de usar que transforma la manera en que vives tu d\u00eda a d\u00eda en la carretera.<\/p>\n<p data-start=\"1666\" data-end=\"1813\">Haz de tu seguridad una prioridad hoy mismo y descubre por qu\u00e9 miles de usuarios conf\u00edan en WOSS para <strong data-start=\"1768\" data-end=\"1810\">vivir seguros, tranquilos y protegidos<\/strong>.<\/p>\n<p data-start=\"1815\" data-end=\"1862\">\u2728 <strong data-start=\"1817\" data-end=\"1860\">\u201cWOSS: La experiencia de vivir seguro.\u201d<\/strong><\/p>","protected":false},"excerpt":{"rendered":"<p data-start=\"622\" data-end=\"806\">El <strong data-start=\"625\" data-end=\"645\">Kit WOSS AUTO-ID<\/strong> activa tu experiencia de seguridad avanzada, con tecnolog\u00eda exclusiva de identificaci\u00f3n UV y beneficios que te brindan protecci\u00f3n y confianza en todo momento.<\/p>","protected":false},"featured_media":995,"comment_status":"open","ping_status":"closed","template":"","meta":[],"product_brand":[],"product_cat":[25],"product_tag":[26],"class_list":{"0":"post-993","1":"product","2":"type-product","3":"status-publish","4":"has-post-thumbnail","6":"product_cat-woss","7":"product_tag-woss-auto-id","9":"first","10":"instock","11":"shipping-taxable","12":"purchasable","13":"product-type-simple"},"_links":{"self":[{"href":"https:\/\/woss911.com\/en\/wp-json\/wp\/v2\/product\/993","targetHints":{"allow":["GET"]}}],"collection":[{"href":"https:\/\/woss911.com\/en\/wp-json\/wp\/v2\/product"}],"about":[{"href":"https:\/\/woss911.com\/en\/wp-json\/wp\/v2\/types\/product"}],"replies":[{"embeddable":true,"href":"https:\/\/woss911.com\/en\/wp-json\/wp\/v2\/comments?post=993"}],"wp:featuredmedia":[{"embeddable":true,"href":"https:\/\/woss911.com\/en\/wp-json\/wp\/v2\/media\/995"}],"wp:attachment":[{"href":"https:\/\/woss911.com\/en\/wp-json\/wp\/v2\/media?parent=993"}],"wp:term":[{"taxonomy":"product_brand","embeddable":true,"href":"https:\/\/woss911.com\/en\/wp-json\/wp\/v2\/product_brand?post=993"},{"taxonomy":"product_cat","embeddable":true,"href":"https:\/\/woss911.com\/en\/wp-json\/wp\/v2\/product_cat?post=993"},{"taxonomy":"product_tag","embeddable":true,"href":"https:\/\/woss911.com\/en\/wp-json\/wp\/v2\/product_tag?post=993"}],"curies":[{"name":"wp","href":"https:\/\/api.w.org\/{rel}","templated":true}]}}