{"id":519,"date":"2025-03-26T17:41:05","date_gmt":"2025-03-26T17:41:05","guid":{"rendered":"https:\/\/woss911.com\/?page_id=519"},"modified":"2025-10-11T18:08:14","modified_gmt":"2025-10-11T18:08:14","slug":"plans","status":"publish","type":"page","link":"https:\/\/woss911.com\/en\/plans\/","title":{"rendered":"Plans"},"content":{"rendered":"<div data-elementor-type=\"wp-page\" data-elementor-id=\"519\" class=\"elementor elementor-519\" data-elementor-post-type=\"page\">\n\t\t\t\t<div class=\"elementor-element elementor-element-58a42bd e-flex e-con-boxed elementor-invisible e-con e-parent\" data-id=\"58a42bd\" data-element_type=\"container\" data-settings=\"{&quot;animation&quot;:&quot;fadeIn&quot;}\">\n\t\t\t\t\t<div class=\"e-con-inner\">\n\t\t<div class=\"elementor-element elementor-element-8ff8aea e-con-full e-flex e-con e-child\" data-id=\"8ff8aea\" data-element_type=\"container\">\n\t\t\t\t<div class=\"elementor-element elementor-element-f3b7524 elementor-widget__width-auto elementor-invisible elementor-widget elementor-widget-heading\" data-id=\"f3b7524\" data-element_type=\"widget\" data-settings=\"{&quot;_animation&quot;:&quot;fadeIn&quot;}\" data-widget_type=\"heading.default\">\n\t\t\t\t<div class=\"elementor-widget-container\">\n\t\t\t\t\t<h6 class=\"elementor-heading-title elementor-size-default\">Planes<\/h6>\t\t\t\t<\/div>\n\t\t\t\t<\/div>\n\t\t\t\t<div class=\"elementor-element elementor-element-3ad4e68 elementor-invisible elementor-widget elementor-widget-qi_addons_for_elementor_animated_text\" data-id=\"3ad4e68\" data-element_type=\"widget\" data-settings=\"{&quot;_animation&quot;:&quot;fadeIn&quot;}\" data-widget_type=\"qi_addons_for_elementor_animated_text.default\">\n\t\t\t\t<div class=\"elementor-widget-container\">\n\t\t\t\t\t<div class=\"qodef-shortcode qodef-m qodef-qi-animated-text qodef--animated-by-word qodef--alignment-center qodef-qi--has-appear qodef--appear-from-bottom\" >\n\t\t<h1 class=\"qodef-m-title\">\n\t\t<span class=\"qodef-e-word\">Planes<\/span> <span class=\"qodef-e-word\">y<\/span> <span class=\"qodef-e-word\">precios<\/span>\t<\/h1>\n<\/div>\n\t\t\t\t<\/div>\n\t\t\t\t<\/div>\n\t\t<div class=\"elementor-element elementor-element-d5e135f e-con-full e-grid e-con e-child\" data-id=\"d5e135f\" data-element_type=\"container\">\n\t\t\t\t<div class=\"elementor-element elementor-element-c55716f elementor-widget__width-inherit elementor-widget-mobile__width-inherit elementor-invisible elementor-widget elementor-widget-qi_addons_for_elementor_pricing_table\" data-id=\"c55716f\" data-element_type=\"widget\" data-settings=\"{&quot;_animation&quot;:&quot;fadeIn&quot;}\" data-widget_type=\"qi_addons_for_elementor_pricing_table.default\">\n\t\t\t\t<div class=\"elementor-widget-container\">\n\t\t\t\t\t<div class=\"qodef-shortcode qodef-m qodef-qi-pricing-table qodef-layout--standard qodef-status--regular qodef-list-style--outside qodef-list-type--unordered qodef-label-type--ribbon qodef-period--side\">\n\t<div class=\"qodef-m-inner\">\n\t\t\t<h4 class=\"qodef-m-title\">\n\t\tPlan Gratuito\t<\/h4>\n\t\t\t<div class=\"qodef-m-price\">\n\t\t<div class=\"qodef-m-price-wrapper qodef-h1\">\n\t\t\t\t\t\t\t<span class=\"qodef-m-price-currency\">$<\/span>\n\t\t\t\t\t\t<span class=\"qodef-m-price-value\">0<\/span>\n\t\t<\/div>\n\t\t\t\t\t<span class=\"qodef-m-price-period\">MXN<\/span>\n\t\t\t<\/div>\n\t\t\t\t\t<ul class=\"qodef-m-content\">\n\t\t\t\t\t<li class=\"qodef-e-item\">\n\t\t\t\t\t\t\t\t\t<span class=\"qodef-e-icon\"><\/span>\n\t\t\t\t\t\t\t\t<span class=\"qodef-e-text\">Registro vehicular digital WOSS AUTO-ID<\/span>\n\t\t\t<\/li>\n\t\t\t\t\t<li class=\"qodef-e-item\">\n\t\t\t\t\t\t\t\t\t<span class=\"qodef-e-icon\"><\/span>\n\t\t\t\t\t\t\t\t<span class=\"qodef-e-text\">Generaci\u00f3n de tu C\u00f3digo de Identificaci\u00f3n \u00danico (CIU)<\/span>\n\t\t\t<\/li>\n\t\t\t\t\t<li class=\"qodef-e-item\">\n\t\t\t\t\t\t\t\t\t<span class=\"qodef-e-icon\"><\/span>\n\t\t\t\t\t\t\t\t<span class=\"qodef-e-text\">Acceso al WOSS Marketplace<\/span>\n\t\t\t<\/li>\n\t\t\t\t\t<li class=\"qodef-e-item\">\n\t\t\t\t\t\t\t\t\t<span class=\"qodef-e-icon\"><\/span>\n\t\t\t\t\t\t\t\t<span class=\"qodef-e-text\">Panel de control personal<\/span>\n\t\t\t<\/li>\n\t\t\t\t\t<li class=\"qodef-e-item\">\n\t\t\t\t\t\t\t\t\t<span class=\"qodef-e-icon\"><\/span>\n\t\t\t\t\t\t\t\t<span class=\"qodef-e-text\">Opci\u00f3n de actualizaci\u00f3n inmediata<\/span>\n\t\t\t<\/li>\n\t\t\t\t\t<li class=\"qodef-e-item\">\n\t\t\t\t\t\t\t\t\t<span class=\"qodef-e-icon\"><\/span>\n\t\t\t\t\t\t\t\t<span class=\"qodef-e-text\">Visibilidad p\u00fablica b\u00e1sica<\/span>\n\t\t\t<\/li>\n\t\t\t\t\t<li class=\"qodef-e-item\">\n\t\t\t\t\t\t\t\t\t<span class=\"qodef-e-icon\"><\/span>\n\t\t\t\t\t\t\t\t<span class=\"qodef-e-text\">Ideal para comenzar y tener visibilidad. Sin protecci\u00f3n\u00a0activa<\/span>\n\t\t\t<\/li>\n\t\t\t<\/ul>\n\t\t\t<div class=\"qodef-m-button qodef-qi-clear\">\n\t\t<a class=\"qodef-shortcode qodef-m qodef-qi-button qodef-html--link qodef-layout--filled qodef-type--standard qodef-icon--right qodef-hover--icon-move-horizontal-short qodef-text-underline qodef-underline--left\" href=\"#descargas\" target=\"_self\">\t<span class=\"qodef-m-text\">Descargar<\/span>\t\t<span class=\"qodef-m-icon\">\t\t<span class=\"qodef-m-icon-inner\">\t\t\t<i aria-hidden=\"true\" class=\"icon icon-chevron-right\"><\/i>\t\t\t\t\t<\/span>\t<\/span><\/a>\t<\/div>\n\t\t\t<span class=\"qodef-m-label\">\n\t\tFree\t<\/span>\n\t<\/div>\n<\/div>\n\t\t\t\t<\/div>\n\t\t\t\t<\/div>\n\t\t\t\t<div class=\"elementor-element elementor-element-6369a8d elementor-widget__width-inherit elementor-widget-mobile__width-inherit elementor-invisible elementor-widget elementor-widget-qi_addons_for_elementor_pricing_table\" data-id=\"6369a8d\" data-element_type=\"widget\" data-settings=\"{&quot;_animation&quot;:&quot;fadeIn&quot;}\" data-widget_type=\"qi_addons_for_elementor_pricing_table.default\">\n\t\t\t\t<div class=\"elementor-widget-container\">\n\t\t\t\t\t<div class=\"qodef-shortcode qodef-m qodef-qi-pricing-table qodef-layout--standard qodef-status--regular qodef-list-style--outside qodef-list-type--unordered qodef-label-type--ribbon qodef-period--side\">\n\t<div class=\"qodef-m-inner\">\n\t\t\t<h4 class=\"qodef-m-title\">\n\t\tGlobal System\t<\/h4>\n\t\t\t<div class=\"qodef-m-price\">\n\t\t<div class=\"qodef-m-price-wrapper qodef-h1\">\n\t\t\t\t\t\t\t<span class=\"qodef-m-price-currency\">$<\/span>\n\t\t\t\t\t\t<span class=\"qodef-m-price-value\">8500<\/span>\n\t\t<\/div>\n\t\t\t\t\t<span class=\"qodef-m-price-period\">MXN<\/span>\n\t\t\t<\/div>\n\t\t\t\t\t<ul class=\"qodef-m-content\">\n\t\t\t\t\t<li class=\"qodef-e-item\">\n\t\t\t\t\t\t\t\t\t<span class=\"qodef-e-icon\"><\/span>\n\t\t\t\t\t\t\t\t<span class=\"qodef-e-text\">Marcado molecular (UV) en autopartes y factura + C\u00f3digo \u00danico (CIU) indeleble<\/span>\n\t\t\t<\/li>\n\t\t\t\t\t<li class=\"qodef-e-item\">\n\t\t\t\t\t\t\t\t\t<span class=\"qodef-e-icon\"><\/span>\n\t\t\t\t\t\t\t\t<span class=\"qodef-e-text\">Validaci\u00f3n de documentos + certificado f\u00edsico y digital<\/span>\n\t\t\t<\/li>\n\t\t\t\t\t<li class=\"qodef-e-item\">\n\t\t\t\t\t\t\t\t\t<span class=\"qodef-e-icon\"><\/span>\n\t\t\t\t\t\t\t\t<span class=\"qodef-e-text\">GPS en tiempo real con IA: historial, rutas y alertas predictivas<\/span>\n\t\t\t<\/li>\n\t\t\t\t\t<li class=\"qodef-e-item\">\n\t\t\t\t\t\t\t\t\t<span class=\"qodef-e-icon\"><\/span>\n\t\t\t\t\t\t\t\t<span class=\"qodef-e-text\">GeoCercas din\u00e1micas (hogar, escuela, zonas seguras)<\/span>\n\t\t\t<\/li>\n\t\t\t\t\t<li class=\"qodef-e-item\">\n\t\t\t\t\t\t\t\t\t<span class=\"qodef-e-icon\"><\/span>\n\t\t\t\t\t\t\t\t<span class=\"qodef-e-text\">Paro de motor remoto con protocolos antifraude<\/span>\n\t\t\t<\/li>\n\t\t\t\t\t<li class=\"qodef-e-item\">\n\t\t\t\t\t\t\t\t\t<span class=\"qodef-e-icon\"><\/span>\n\t\t\t\t\t\t\t\t<span class=\"qodef-e-text\">Bot\u00f3n SOS desde la WOSSApp y desde el veh\u00edculo<\/span>\n\t\t\t<\/li>\n\t\t\t\t\t<li class=\"qodef-e-item\">\n\t\t\t\t\t\t\t\t\t<span class=\"qodef-e-icon\"><\/span>\n\t\t\t\t\t\t\t\t<span class=\"qodef-e-text\">Modo Protecci\u00f3n Din\u00e1mica: detecci\u00f3n de anomal\u00edas 24\/7<\/span>\n\t\t\t<\/li>\n\t\t\t\t\t<li class=\"qodef-e-item\">\n\t\t\t\t\t\t\t\t\t<span class=\"qodef-e-icon\"><\/span>\n\t\t\t\t\t\t\t\t<span class=\"qodef-e-text\">Soporte t\u00e9cnico VIP con prioridad y seguimiento<\/span>\n\t\t\t<\/li>\n\t\t\t\t\t<li class=\"qodef-e-item\">\n\t\t\t\t\t\t\t\t\t<span class=\"qodef-e-icon\"><\/span>\n\t\t\t\t\t\t\t\t<span class=\"qodef-e-text\">Integraci\u00f3n en tiempo real con autoridades<\/span>\n\t\t\t<\/li>\n\t\t\t\t\t<li class=\"qodef-e-item\">\n\t\t\t\t\t\t\t\t\t<span class=\"qodef-e-icon\"><\/span>\n\t\t\t\t\t\t\t\t<span class=\"qodef-e-text\">Evidencia forense WOSS para aseguradoras y reventa segura<\/span>\n\t\t\t<\/li>\n\t\t\t\t\t<li class=\"qodef-e-item\">\n\t\t\t\t\t\t\t\t\t<span class=\"qodef-e-icon\"><\/span>\n\t\t\t\t\t\t\t\t<span class=\"qodef-e-text\">Tablero familiar: ubicaci\u00f3n de tus seres queridos y notificaciones<\/span>\n\t\t\t<\/li>\n\t\t\t\t\t<li class=\"qodef-e-item\">\n\t\t\t\t\t\t\t\t\t<span class=\"qodef-e-icon\"><\/span>\n\t\t\t\t\t\t\t\t<span class=\"qodef-e-text\">Cobertura m\u00e1xima. Tranquilidad total para ti, los tuyos y tu inversi\u00f3n<\/span>\n\t\t\t<\/li>\n\t\t\t<\/ul>\n\t\t\t<div class=\"qodef-m-button qodef-qi-clear\">\n\t\t<a class=\"qodef-shortcode qodef-m qodef-qi-button qodef-html--link qodef-layout--filled qodef-type--standard qodef-size--full qodef-icon--right qodef-hover--icon-move-horizontal-short\" href=\"https:\/\/woss911.com\/en\/checkout\/?add-to-cart=849\" target=\"_self\">\t<span class=\"qodef-m-text\">Activar mi Global System<\/span>\t\t<span class=\"qodef-m-icon\">\t\t<span class=\"qodef-m-icon-inner\">\t\t\t<i aria-hidden=\"true\" class=\"icon icon-chevron-right\"><\/i>\t\t\t\t\t<\/span>\t<\/span><\/a>\t<\/div>\n\t\t\t<\/div>\n<\/div>\n\t\t\t\t<\/div>\n\t\t\t\t<\/div>\n\t\t\t\t<\/div>\n\t\t<div class=\"elementor-element elementor-element-8bb00a8 e-con-full e-grid e-con e-child\" data-id=\"8bb00a8\" data-element_type=\"container\">\n\t\t\t\t<div class=\"elementor-element elementor-element-ecd9a35 elementor-widget__width-inherit elementor-widget-mobile__width-inherit plan elementor-invisible elementor-widget elementor-widget-qi_addons_for_elementor_pricing_table\" data-id=\"ecd9a35\" data-element_type=\"widget\" data-settings=\"{&quot;_animation&quot;:&quot;fadeIn&quot;}\" data-widget_type=\"qi_addons_for_elementor_pricing_table.default\">\n\t\t\t\t<div class=\"elementor-widget-container\">\n\t\t\t\t\t<div class=\"qodef-shortcode qodef-m qodef-qi-pricing-table qodef-layout--standard qodef-status--regular qodef-list-style--outside qodef-list-type--unordered qodef-label-type--ribbon qodef-period--side\">\n\t<div class=\"qodef-m-inner\">\n\t\t\t<h4 class=\"qodef-m-title\">\n\t\tPlan Personalizado\t<\/h4>\n\t\t\t\t\t\t\t<ul class=\"qodef-m-content\">\n\t\t\t\t\t<li class=\"qodef-e-item\">\n\t\t\t\t\t\t\t\t\t<span class=\"qodef-e-icon\"><\/span>\n\t\t\t\t\t\t\t\t<span class=\"qodef-e-text\">Protecci\u00f3n personalizada para empresas con flotillas<\/span>\n\t\t\t<\/li>\n\t\t\t\t\t<li class=\"qodef-e-item\">\n\t\t\t\t\t\t\t\t\t<span class=\"qodef-e-icon\"><\/span>\n\t\t\t\t\t\t\t\t<span class=\"qodef-e-text\">Marcado (UV)  a autopartes y factura + C\u00f3digo de Identificaci\u00f3n \u00danico (CIU)<\/span>\n\t\t\t<\/li>\n\t\t\t\t\t<li class=\"qodef-e-item\">\n\t\t\t\t\t\t\t\t\t<span class=\"qodef-e-icon\"><\/span>\n\t\t\t\t\t\t\t\t<span class=\"qodef-e-text\">Validaci\u00f3n de documentos + certificado  fis\u00edco y digital<\/span>\n\t\t\t<\/li>\n\t\t\t\t\t<li class=\"qodef-e-item\">\n\t\t\t\t\t\t\t\t\t<span class=\"qodef-e-icon\"><\/span>\n\t\t\t\t\t\t\t\t<span class=\"qodef-e-text\">(GPS) en tiempo real del veh\u00edculo y seres queridos + recorrido hist\u00f3rico+ Alertas Inteligentes  <\/span>\n\t\t\t<\/li>\n\t\t\t\t\t<li class=\"qodef-e-item\">\n\t\t\t\t\t\t\t\t\t<span class=\"qodef-e-icon\"><\/span>\n\t\t\t\t\t\t\t\t<span class=\"qodef-e-text\">Bot\u00f3n (SOS) desde la WOSSApp y del veh\u00edculo<\/span>\n\t\t\t<\/li>\n\t\t\t\t\t<li class=\"qodef-e-item\">\n\t\t\t\t\t\t\t\t\t<span class=\"qodef-e-icon\"><\/span>\n\t\t\t\t\t\t\t\t<span class=\"qodef-e-text\">Paro de motor remoto<\/span>\n\t\t\t<\/li>\n\t\t\t\t\t<li class=\"qodef-e-item\">\n\t\t\t\t\t\t\t\t\t<span class=\"qodef-e-icon\"><\/span>\n\t\t\t\t\t\t\t\t<span class=\"qodef-e-text\">Soporte t\u00e9cnico prioritario<\/span>\n\t\t\t<\/li>\n\t\t\t\t\t<li class=\"qodef-e-item\">\n\t\t\t\t\t\t\t\t\t<span class=\"qodef-e-icon\"><\/span>\n\t\t\t\t\t\t\t\t<span class=\"qodef-e-text\">Integraci\u00f3n en tiempo real con autoridades<\/span>\n\t\t\t<\/li>\n\t\t\t\t\t<li class=\"qodef-e-item\">\n\t\t\t\t\t\t\t\t\t<span class=\"qodef-e-icon\"><\/span>\n\t\t\t\t\t\t\t\t<span class=\"qodef-e-text\">Administraci\u00f3n multiusuario<\/span>\n\t\t\t<\/li>\n\t\t\t\t\t<li class=\"qodef-e-item\">\n\t\t\t\t\t\t\t\t\t<span class=\"qodef-e-icon\"><\/span>\n\t\t\t\t\t\t\t\t<span class=\"qodef-e-text\">Panel de control para flotillas<\/span>\n\t\t\t<\/li>\n\t\t\t\t\t<li class=\"qodef-e-item\">\n\t\t\t\t\t\t\t\t\t<span class=\"qodef-e-icon\"><\/span>\n\t\t\t\t\t\t\t\t<span class=\"qodef-e-text\">Integraci\u00f3n con sistemas empresariales<\/span>\n\t\t\t<\/li>\n\t\t\t\t\t<li class=\"qodef-e-item\">\n\t\t\t\t\t\t\t\t\t<span class=\"qodef-e-icon\"><\/span>\n\t\t\t\t\t\t\t\t<span class=\"qodef-e-text\">Soporte t\u00e9cnico especializado<\/span>\n\t\t\t<\/li>\n\t\t\t\t\t<li class=\"qodef-e-item\">\n\t\t\t\t\t\t\t\t\t<span class=\"qodef-e-icon\"><\/span>\n\t\t\t\t\t\t\t\t<span class=\"qodef-e-text\">La soluci\u00f3n ideal para gestionar m\u00faltiples veh\u00edculos\u00a0con\u00a0eficiencia<\/span>\n\t\t\t<\/li>\n\t\t\t<\/ul>\n\t\t\t<div class=\"qodef-m-button qodef-qi-clear\">\n\t\t<a class=\"qodef-shortcode qodef-m qodef-qi-button qodef-html--link qodef-layout--filled qodef-type--standard qodef-icon--right qodef-hover--icon-move-horizontal-short\" href=\"\" target=\"_self\">\t<span class=\"qodef-m-text\">Try Now<\/span>\t\t<span class=\"qodef-m-icon\">\t\t<span class=\"qodef-m-icon-inner\">\t\t\t<i aria-hidden=\"true\" class=\"icon icon-chevron-right\"><\/i>\t\t\t\t\t<\/span>\t<\/span><\/a>\t<\/div>\n\t\t\t<span class=\"qodef-m-label\">\n\t\tPrecio seg\u00fan requerimientos\t<\/span>\n\t<\/div>\n<\/div>\n\t\t\t\t<\/div>\n\t\t\t\t<\/div>\n\t\t\t\t<div class=\"elementor-element elementor-element-bf4c2dd elementor-widget elementor-widget-image\" data-id=\"bf4c2dd\" data-element_type=\"widget\" data-widget_type=\"image.default\">\n\t\t\t\t<div class=\"elementor-widget-container\">\n\t\t\t\t\t\t\t\t\t\t\t\t\t\t\t<img fetchpriority=\"high\" decoding=\"async\" width=\"800\" height=\"533\" src=\"https:\/\/woss911.com\/wp-content\/uploads\/2025\/04\/03-1024x682.jpg\" class=\"attachment-large size-large wp-image-641\" alt=\"\" srcset=\"https:\/\/woss911.com\/wp-content\/uploads\/2025\/04\/03-1024x682.jpg 1024w, https:\/\/woss911.com\/wp-content\/uploads\/2025\/04\/03-300x200.jpg 300w, https:\/\/woss911.com\/wp-content\/uploads\/2025\/04\/03-768x512.jpg 768w, https:\/\/woss911.com\/wp-content\/uploads\/2025\/04\/03-18x12.jpg 18w, https:\/\/woss911.com\/wp-content\/uploads\/2025\/04\/03.jpg 1280w\" sizes=\"(max-width: 800px) 100vw, 800px\" \/>\t\t\t\t\t\t\t\t\t\t\t\t\t\t\t<\/div>\n\t\t\t\t<\/div>\n\t\t\t\t<\/div>\n\t\t<div class=\"elementor-element elementor-element-f780553 e-con-full e-grid e-con e-child\" data-id=\"f780553\" data-element_type=\"container\">\n\t\t\t\t<\/div>\n\t\t\t\t<\/div>\n\t\t\t\t\t<\/div>\n\t\t\t\t<\/div>\n\t\t\t\t<\/div>","protected":false},"excerpt":{"rendered":"<p>Planes Planes y precios Plan Gratuito $ 0 MXN Registro vehicular digital WOSS AUTO-ID Generaci\u00f3n de tu C\u00f3digo de Identificaci\u00f3n \u00danico (CIU) Acceso al WOSS Marketplace Panel de control personal Opci\u00f3n de actualizaci\u00f3n inmediata Visibilidad p\u00fablica b\u00e1sica Ideal para comenzar y tener visibilidad. Sin protecci\u00f3n\u00a0activa Descargar Free Global System $ 8500 MXN Marcado molecular (UV) [&hellip;]<\/p>","protected":false},"author":1,"featured_media":0,"parent":0,"menu_order":0,"comment_status":"closed","ping_status":"closed","template":"","meta":{"footnotes":""},"class_list":["post-519","page","type-page","status-publish","hentry"],"_links":{"self":[{"href":"https:\/\/woss911.com\/en\/wp-json\/wp\/v2\/pages\/519","targetHints":{"allow":["GET"]}}],"collection":[{"href":"https:\/\/woss911.com\/en\/wp-json\/wp\/v2\/pages"}],"about":[{"href":"https:\/\/woss911.com\/en\/wp-json\/wp\/v2\/types\/page"}],"author":[{"embeddable":true,"href":"https:\/\/woss911.com\/en\/wp-json\/wp\/v2\/users\/1"}],"replies":[{"embeddable":true,"href":"https:\/\/woss911.com\/en\/wp-json\/wp\/v2\/comments?post=519"}],"version-history":[{"count":97,"href":"https:\/\/woss911.com\/en\/wp-json\/wp\/v2\/pages\/519\/revisions"}],"predecessor-version":[{"id":1092,"href":"https:\/\/woss911.com\/en\/wp-json\/wp\/v2\/pages\/519\/revisions\/1092"}],"wp:attachment":[{"href":"https:\/\/woss911.com\/en\/wp-json\/wp\/v2\/media?parent=519"}],"curies":[{"name":"wp","href":"https:\/\/api.w.org\/{rel}","templated":true}]}}