{"id":253,"date":"2025-03-23T11:50:05","date_gmt":"2025-03-23T11:50:05","guid":{"rendered":"https:\/\/woss911.com\/?page_id=253"},"modified":"2025-04-09T00:16:11","modified_gmt":"2025-04-09T00:16:11","slug":"blogs","status":"publish","type":"page","link":"https:\/\/woss911.com\/en\/blogs\/","title":{"rendered":"Blogs"},"content":{"rendered":"<div data-elementor-type=\"wp-page\" data-elementor-id=\"253\" class=\"elementor elementor-253\" data-elementor-post-type=\"page\">\n\t\t\t\t<div class=\"elementor-element elementor-element-0097254 e-flex e-con-boxed e-con e-parent\" data-id=\"0097254\" data-element_type=\"container\">\n\t\t\t\t\t<div class=\"e-con-inner\">\n\t\t<div class=\"elementor-element elementor-element-4bd2213 e-con-full e-flex e-con e-child\" data-id=\"4bd2213\" data-element_type=\"container\">\n\t\t\t\t<div class=\"elementor-element elementor-element-6ba9de4 elementor-widget__width-auto elementor-invisible elementor-widget elementor-widget-heading\" data-id=\"6ba9de4\" data-element_type=\"widget\" data-settings=\"{&quot;_animation&quot;:&quot;fadeIn&quot;}\" data-widget_type=\"heading.default\">\n\t\t\t\t<div class=\"elementor-widget-container\">\n\t\t\t\t\t<h6 class=\"elementor-heading-title elementor-size-default\">Noticias<\/h6>\t\t\t\t<\/div>\n\t\t\t\t<\/div>\n\t\t\t\t<div class=\"elementor-element elementor-element-e15d318 elementor-invisible elementor-widget elementor-widget-qi_addons_for_elementor_animated_text\" data-id=\"e15d318\" data-element_type=\"widget\" data-settings=\"{&quot;_animation&quot;:&quot;fadeIn&quot;}\" data-widget_type=\"qi_addons_for_elementor_animated_text.default\">\n\t\t\t\t<div class=\"elementor-widget-container\">\n\t\t\t\t\t<div class=\"qodef-shortcode qodef-m qodef-qi-animated-text qodef--animated-by-word qodef--alignment-center qodef-qi--has-appear qodef--appear-from-bottom\" >\n\t\t<h2 class=\"qodef-m-title\">\n\t\t<span class=\"qodef-e-word\">\u00daltimos<\/span> <span class=\"qodef-e-word\">blogs<\/span>\t<\/h2>\n<\/div>\n\t\t\t\t<\/div>\n\t\t\t\t<\/div>\n\t\t\t\t<div class=\"elementor-element elementor-element-4c3ccd8 elementor-grid-3 elementor-grid-tablet-2 elementor-grid-mobile-1 elementor-posts--thumbnail-top elementor-card-shadow-yes elementor-posts__hover-gradient elementor-widget elementor-widget-posts\" data-id=\"4c3ccd8\" data-element_type=\"widget\" data-settings=\"{&quot;cards_columns&quot;:&quot;3&quot;,&quot;cards_columns_tablet&quot;:&quot;2&quot;,&quot;cards_columns_mobile&quot;:&quot;1&quot;,&quot;cards_row_gap&quot;:{&quot;unit&quot;:&quot;px&quot;,&quot;size&quot;:35,&quot;sizes&quot;:[]},&quot;cards_row_gap_tablet&quot;:{&quot;unit&quot;:&quot;px&quot;,&quot;size&quot;:&quot;&quot;,&quot;sizes&quot;:[]},&quot;cards_row_gap_mobile&quot;:{&quot;unit&quot;:&quot;px&quot;,&quot;size&quot;:&quot;&quot;,&quot;sizes&quot;:[]}}\" data-widget_type=\"posts.cards\">\n\t\t\t\t<div class=\"elementor-widget-container\">\n\t\t\t\t\t\t\t<div class=\"elementor-posts-container elementor-posts elementor-posts--skin-cards elementor-grid\">\n\t\t\t\t<article class=\"elementor-post elementor-grid-item post-224 post type-post status-publish format-standard has-post-thumbnail hentry category-blog\">\n\t\t\t<div class=\"elementor-post__card\">\n\t\t\t\t<a class=\"elementor-post__thumbnail__link\" href=\"https:\/\/woss911.com\/en\/el-guardian-de-tu-auto-woss911\/\" tabindex=\"-1\" ><div class=\"elementor-post__thumbnail\"><img fetchpriority=\"high\" decoding=\"async\" width=\"800\" height=\"789\" src=\"https:\/\/woss911.com\/wp-content\/uploads\/2025\/03\/Blog-1-1024x1010.jpg\" class=\"attachment-large size-large wp-image-220\" alt=\"\" srcset=\"https:\/\/woss911.com\/wp-content\/uploads\/2025\/03\/Blog-1-1024x1010.jpg 1024w, https:\/\/woss911.com\/wp-content\/uploads\/2025\/03\/Blog-1-300x296.jpg 300w, https:\/\/woss911.com\/wp-content\/uploads\/2025\/03\/Blog-1-768x757.jpg 768w, https:\/\/woss911.com\/wp-content\/uploads\/2025\/03\/Blog-1-12x12.jpg 12w, https:\/\/woss911.com\/wp-content\/uploads\/2025\/03\/Blog-1.jpg 1080w\" sizes=\"(max-width: 800px) 100vw, 800px\" \/><\/div><\/a>\n\t\t\t\t<div class=\"elementor-post__badge\">Blog<\/div>\n\t\t\t\t<div class=\"elementor-post__text\">\n\t\t\t\t<h3 class=\"elementor-post__title\">\n\t\t\t<a href=\"https:\/\/woss911.com\/en\/el-guardian-de-tu-auto-woss911\/\" >\n\t\t\t\tEl guardi\u00e1n de tu auto: \u00a1WOSS911!\t\t\t<\/a>\n\t\t<\/h3>\n\t\t\t\t<div class=\"elementor-post__excerpt\">\n\t\t\t<p>Imagina un sistema que te da tranquilidad a ti y a tus seres queridos las 24 horas del d\u00eda, protegiendo no solo tu veh\u00edculo, sino tambi\u00e9n tu seguridad personal. Con WOSS, no solo puedes rastrear<\/p>\n\t\t<\/div>\n\t\t\n\t\t<a class=\"elementor-post__read-more\" href=\"https:\/\/woss911.com\/en\/el-guardian-de-tu-auto-woss911\/\" aria-label=\"Read more about El guardi\u00e1n de tu auto: \u00a1WOSS911!\" tabindex=\"-1\" >\n\t\t\tLeer m\u00e1s \u00bb\t\t<\/a>\n\n\t\t\t\t<\/div>\n\t\t\t\t<div class=\"elementor-post__meta-data\">\n\t\t\t\t\t<span class=\"elementor-post-date\">\n\t\t\tMarch 22, 2025\t\t<\/span>\n\t\t\t\t<\/div>\n\t\t\t\t\t<\/div>\n\t\t<\/article>\n\t\t\t\t<article class=\"elementor-post elementor-grid-item post-225 post type-post status-publish format-standard has-post-thumbnail hentry category-blog\">\n\t\t\t<div class=\"elementor-post__card\">\n\t\t\t\t<a class=\"elementor-post__thumbnail__link\" href=\"https:\/\/woss911.com\/en\/sabes-que-pasa-con-los-autos-robados\/\" tabindex=\"-1\" ><div class=\"elementor-post__thumbnail\"><img decoding=\"async\" width=\"800\" height=\"600\" src=\"https:\/\/woss911.com\/wp-content\/uploads\/2025\/03\/Blog-2-1024x768.jpg\" class=\"attachment-large size-large wp-image-221\" alt=\"\" srcset=\"https:\/\/woss911.com\/wp-content\/uploads\/2025\/03\/Blog-2-1024x768.jpg 1024w, https:\/\/woss911.com\/wp-content\/uploads\/2025\/03\/Blog-2-300x225.jpg 300w, https:\/\/woss911.com\/wp-content\/uploads\/2025\/03\/Blog-2-768x576.jpg 768w, https:\/\/woss911.com\/wp-content\/uploads\/2025\/03\/Blog-2-1536x1152.jpg 1536w, https:\/\/woss911.com\/wp-content\/uploads\/2025\/03\/Blog-2-16x12.jpg 16w, https:\/\/woss911.com\/wp-content\/uploads\/2025\/03\/Blog-2.jpg 1600w\" sizes=\"(max-width: 800px) 100vw, 800px\" \/><\/div><\/a>\n\t\t\t\t<div class=\"elementor-post__badge\">Blog<\/div>\n\t\t\t\t<div class=\"elementor-post__text\">\n\t\t\t\t<h3 class=\"elementor-post__title\">\n\t\t\t<a href=\"https:\/\/woss911.com\/en\/sabes-que-pasa-con-los-autos-robados\/\" >\n\t\t\t\tSabes qu\u00e9 pasa con los autos robados?\t\t\t<\/a>\n\t\t<\/h3>\n\t\t\t\t<div class=\"elementor-post__excerpt\">\n\t\t\t<p>Cuando un auto es robado, se suelen llevar a cabo diversas acciones para aprovecharlo de forma il\u00edcita. Estas son algunas de las pr\u00e1cticas m\u00e1s comunes: Desarme y venta de piezas: Los veh\u00edculos robados son desmantelados<\/p>\n\t\t<\/div>\n\t\t\n\t\t<a class=\"elementor-post__read-more\" href=\"https:\/\/woss911.com\/en\/sabes-que-pasa-con-los-autos-robados\/\" aria-label=\"Read more about Sabes qu\u00e9 pasa con los autos robados?\" tabindex=\"-1\" >\n\t\t\tLeer m\u00e1s \u00bb\t\t<\/a>\n\n\t\t\t\t<\/div>\n\t\t\t\t<div class=\"elementor-post__meta-data\">\n\t\t\t\t\t<span class=\"elementor-post-date\">\n\t\t\tMarch 22, 2025\t\t<\/span>\n\t\t\t\t<\/div>\n\t\t\t\t\t<\/div>\n\t\t<\/article>\n\t\t\t\t<article class=\"elementor-post elementor-grid-item post-219 post type-post status-publish format-standard has-post-thumbnail hentry category-blog\">\n\t\t\t<div class=\"elementor-post__card\">\n\t\t\t\t<a class=\"elementor-post__thumbnail__link\" href=\"https:\/\/woss911.com\/en\/protege-tu-vehiculo-con-woss911\/\" tabindex=\"-1\" ><div class=\"elementor-post__thumbnail\"><img decoding=\"async\" width=\"800\" height=\"426\" src=\"https:\/\/woss911.com\/wp-content\/uploads\/2025\/03\/Blog-3-1024x545.jpg\" class=\"attachment-large size-large wp-image-222\" alt=\"\" srcset=\"https:\/\/woss911.com\/wp-content\/uploads\/2025\/03\/Blog-3-1024x545.jpg 1024w, https:\/\/woss911.com\/wp-content\/uploads\/2025\/03\/Blog-3-300x160.jpg 300w, https:\/\/woss911.com\/wp-content\/uploads\/2025\/03\/Blog-3-768x409.jpg 768w, https:\/\/woss911.com\/wp-content\/uploads\/2025\/03\/Blog-3-1536x818.jpg 1536w, https:\/\/woss911.com\/wp-content\/uploads\/2025\/03\/Blog-3-18x10.jpg 18w, https:\/\/woss911.com\/wp-content\/uploads\/2025\/03\/Blog-3.jpg 1600w\" sizes=\"(max-width: 800px) 100vw, 800px\" \/><\/div><\/a>\n\t\t\t\t<div class=\"elementor-post__badge\">Blog<\/div>\n\t\t\t\t<div class=\"elementor-post__text\">\n\t\t\t\t<h3 class=\"elementor-post__title\">\n\t\t\t<a href=\"https:\/\/woss911.com\/en\/protege-tu-vehiculo-con-woss911\/\" >\n\t\t\t\tProtege tu veh\u00edculo con WOSS911\t\t\t<\/a>\n\t\t<\/h3>\n\t\t\t\t<div class=\"elementor-post__excerpt\">\n\t\t\t<p>Desde que estrenas tu auto al salir de la agencia, WOSS te protege con su sistema WOSS AUTO-ID, una especie de \u201cpasaporte\u201d para tu veh\u00edculo que ayuda a prevenir fraudes. Adem\u00e1s, podr\u00e1s conocer en todo<\/p>\n\t\t<\/div>\n\t\t\n\t\t<a class=\"elementor-post__read-more\" href=\"https:\/\/woss911.com\/en\/protege-tu-vehiculo-con-woss911\/\" aria-label=\"Read more about Protege tu veh\u00edculo con WOSS911\" tabindex=\"-1\" >\n\t\t\tLeer m\u00e1s \u00bb\t\t<\/a>\n\n\t\t\t\t<\/div>\n\t\t\t\t<div class=\"elementor-post__meta-data\">\n\t\t\t\t\t<span class=\"elementor-post-date\">\n\t\t\tMarch 22, 2025\t\t<\/span>\n\t\t\t\t<\/div>\n\t\t\t\t\t<\/div>\n\t\t<\/article>\n\t\t\t\t<\/div>\n\t\t\n\t\t\t\t\t\t<\/div>\n\t\t\t\t<\/div>\n\t\t\t\t<\/div>\n\t\t\t\t\t<\/div>\n\t\t\t\t<\/div>\n\t\t\t\t<\/div>","protected":false},"excerpt":{"rendered":"<p>Noticias \u00daltimos blogs<\/p>","protected":false},"author":1,"featured_media":0,"parent":0,"menu_order":0,"comment_status":"closed","ping_status":"closed","template":"","meta":{"footnotes":""},"class_list":["post-253","page","type-page","status-publish","hentry"],"_links":{"self":[{"href":"https:\/\/woss911.com\/en\/wp-json\/wp\/v2\/pages\/253","targetHints":{"allow":["GET"]}}],"collection":[{"href":"https:\/\/woss911.com\/en\/wp-json\/wp\/v2\/pages"}],"about":[{"href":"https:\/\/woss911.com\/en\/wp-json\/wp\/v2\/types\/page"}],"author":[{"embeddable":true,"href":"https:\/\/woss911.com\/en\/wp-json\/wp\/v2\/users\/1"}],"replies":[{"embeddable":true,"href":"https:\/\/woss911.com\/en\/wp-json\/wp\/v2\/comments?post=253"}],"version-history":[{"count":7,"href":"https:\/\/woss911.com\/en\/wp-json\/wp\/v2\/pages\/253\/revisions"}],"predecessor-version":[{"id":728,"href":"https:\/\/woss911.com\/en\/wp-json\/wp\/v2\/pages\/253\/revisions\/728"}],"wp:attachment":[{"href":"https:\/\/woss911.com\/en\/wp-json\/wp\/v2\/media?parent=253"}],"curies":[{"name":"wp","href":"https:\/\/api.w.org\/{rel}","templated":true}]}}